{"id":297,"date":"2025-09-10T07:48:41","date_gmt":"2025-09-10T07:48:41","guid":{"rendered":"https:\/\/d-1.haus\/?page_id=297"},"modified":"2025-09-10T07:56:01","modified_gmt":"2025-09-10T07:56:01","slug":"dsgvo","status":"publish","type":"page","link":"https:\/\/d-1.haus\/en\/start\/dsgvo\/","title":{"rendered":"DSGVO"},"content":{"rendered":"<div class=\"wp-block-cover alignfull has-custom-content-position is-position-bottom-center\" style=\"padding-right:var(--wp--preset--spacing--30);padding-left:var(--wp--preset--spacing--30);min-height:407px;aspect-ratio:unset;\"><img loading=\"lazy\" decoding=\"async\" width=\"1301\" height=\"868\" class=\"wp-block-cover__image-background wp-image-134\" alt=\"\" src=\"https:\/\/d-1.haus\/wp-content\/uploads\/2024\/12\/2-Eduard_Fischer_www.jpg\" style=\"object-position:54% 52%\" data-object-fit=\"cover\" data-object-position=\"54% 52%\" srcset=\"https:\/\/d-1.haus\/wp-content\/uploads\/2024\/12\/2-Eduard_Fischer_www.jpg 1301w, https:\/\/d-1.haus\/wp-content\/uploads\/2024\/12\/2-Eduard_Fischer_www-300x200.jpg 300w, https:\/\/d-1.haus\/wp-content\/uploads\/2024\/12\/2-Eduard_Fischer_www-1024x683.jpg 1024w, https:\/\/d-1.haus\/wp-content\/uploads\/2024\/12\/2-Eduard_Fischer_www-768x512.jpg 768w\" sizes=\"auto, (max-width: 1301px) 100vw, 1301px\" \/><span aria-hidden=\"true\" class=\"wp-block-cover__background has-secondary-background-color has-background-dim-40 has-background-dim\"><\/span><div class=\"wp-block-cover__inner-container is-layout-flow wp-block-cover-is-layout-flow\">\n<div class=\"wp-block-group has-background-color has-text-color has-link-color wp-elements-78368c4831ccb5dc1c3fab38df4099ce is-layout-constrained wp-block-group-is-layout-constrained\" style=\"padding-top:var(--wp--preset--spacing--40);padding-bottom:var(--wp--preset--spacing--60)\">\n<div class=\"wp-block-columns alignwide is-layout-flex wp-container-core-columns-is-layout-9503679e wp-block-columns-is-layout-flex\">\n<div class=\"wp-block-column is-layout-flow wp-block-column-is-layout-flow\" style=\"flex-basis:60%\">\n<h1 class=\"wp-block-heading has-text-align-left has-white-color has-text-color has-x-large-font-size\">Self-determined living<\/h1>\n\n\n\n<p class=\"has-text-align-left has-medium-font-size\"><em>Our housing project in Eberswalde, Brandenburg<\/em><\/p>\n\n\n\n<figure class=\"wp-block-image alignright size-full is-resized wp-duotone-ffffff-ffffff-1\"><img decoding=\"async\" src=\"https:\/\/d-1.haus\/wp-content\/uploads\/2025\/07\/D1-Logo_Gesamt.png\" alt=\"\" class=\"wp-image-276\" style=\"width:187px;height:auto\"\/><\/figure>\n\n\n\n<h1 class=\"wp-block-heading has-text-align-left has-white-color has-text-color has-x-large-font-size\"><\/h1>\n<\/div>\n\n\n\n<div class=\"wp-block-column is-layout-flow wp-block-column-is-layout-flow\" style=\"flex-basis:40%\">\n<p class=\"has-text-align-left has-white-color has-text-color has-small-font-size\" style=\"padding-top:var(--wp--preset--spacing--30)\">All the apartments in the old townhouse on Danckelmannstra\u00dfe are in need of renovation, and two of them have been vacant for years.  <\/p>\n\n\n\n<p class=\"has-text-align-left has-white-color has-text-color has-small-font-size\" style=\"padding-top:var(--wp--preset--spacing--30)\">That needs to change, and with your help, we can make it happen! <\/p>\n\n\n\n<div class=\"wp-block-buttons is-content-justification-left is-layout-flex wp-container-core-buttons-is-layout-3535db69 wp-block-buttons-is-layout-flex\" style=\"margin-top:var(--wp--preset--spacing--30)\"><\/div>\n<\/div>\n<\/div>\n<\/div>\n<\/div><\/div>\n\n\n\n<h3 class=\"wp-block-heading\">Datenschutzerkl\u00e4rung<\/h3>\n\n\n\n<p>Verantwortlich f\u00fcr die Datenverarbeitung auf dieser Website ist:<\/p>\n\n\n\n<p><strong>Danckelhaus GmbH<br><\/strong>Danckelmannstr. 1, 16225 Eberswalde<br>E-Mail:&nbsp;<a>d1@mailbox.org<\/a><\/p>\n\n\n\n<h4 class=\"wp-block-heading\">1. Allgemeines<\/h4>\n\n\n\n<p>Wir nehmen den Schutz deiner pers\u00f6nlichen Daten sehr ernst. Personenbezogene Daten werden auf dieser Website nur im technisch notwendigen Umfang verarbeitet. Eine Weitergabe an Dritte erfolgt nicht.<\/p>\n\n\n\n<h4 class=\"wp-block-heading\">2. Hosting<\/h4>\n\n\n\n<p>Unsere Website wird bei&nbsp;<strong>Strato AG<\/strong>, Otto-Ostrowski-Stra\u00dfe 7, 10249 Berlin gehostet. Beim Aufruf der Seite werden durch Strato folgende Daten automatisch erhoben und in sogenannten Server-Logfiles gespeichert:<\/p>\n\n\n\n<ul class=\"wp-block-list\">\n<li>Besuchte Website<\/li>\n\n\n\n<li>Uhrzeit des Zugriffs<\/li>\n\n\n\n<li>Menge der gesendeten Daten in Byte<\/li>\n\n\n\n<li>Quelle\/Verweis, von welchem du auf die Seite gelangtest<\/li>\n\n\n\n<li>Verwendeter Browser<\/li>\n\n\n\n<li>Verwendetes Betriebssystem<\/li>\n\n\n\n<li>Verwendete IP-Adresse (gek\u00fcrzt und anonymisiert)<\/li>\n<\/ul>\n\n\n\n<p>Diese Daten dienen der Betriebssicherheit und werden nach 7 Tagen gel\u00f6scht. Eine Zusammenf\u00fchrung mit anderen Datenquellen erfolgt nicht.<\/p>\n\n\n\n<h4 class=\"wp-block-heading\">3. Kontaktaufnahme per E-Mail<\/h4>\n\n\n\n<p>Wenn du uns per E-Mail kontaktierst, speichern wir deine Nachricht und die damit verbundenen Kontaktdaten (E-Mail-Adresse, ggf. Name), um deine Anfrage zu bearbeiten. Diese Daten geben wir nicht ohne deine Einwilligung weiter.<\/p>\n\n\n\n<h4 class=\"wp-block-heading\">4. Deine Rechte<\/h4>\n\n\n\n<p>Du hast jederzeit das Recht auf:<\/p>\n\n\n\n<ul class=\"wp-block-list\">\n<li>Auskunft \u00fcber deine gespeicherten Daten<\/li>\n\n\n\n<li>Berichtigung unrichtiger Daten<\/li>\n\n\n\n<li>L\u00f6schung oder Einschr\u00e4nkung der Verarbeitung<\/li>\n\n\n\n<li>Widerspruch gegen die Verarbeitung<\/li>\n\n\n\n<li>Daten\u00fcbertragbarkeit<\/li>\n<\/ul>\n\n\n\n<p>Wende dich dazu per E-Mail an uns:&nbsp;<strong><a>d1@mailbox.org<\/a><\/strong><\/p>\n\n\n\n<p>Du hast zudem das Recht, dich bei einer Aufsichtsbeh\u00f6rde zu beschweren.<\/p>\n\n\n\n<hr class=\"wp-block-separator has-alpha-channel-opacity\"\/>\n\n\n\n<h4 class=\"wp-block-heading\">Impressum (gem\u00e4\u00df \u00a7 5 TMG)<\/h4>\n\n\n\n<p><strong>Danckelhaus GmbH<\/strong><br>Danckelmannstra\u00dfe 1, 16225\u00a0Eberswalde<br>Amtsgericht Frankfurt (Oder)\u00a0HRB\u00a021166 FF<br><br>Gesch\u00e4ftsf\u00fchrende:<br>Ferr\u00e8re, Juliette Pascale Aur\u00e9lie; K\u00f6rner,\u00a0Teresa Lina; Stahmer, Anton Lucas;\u00a0Zahn, Nils Holger<br><br><a href=\"https:\/\/d-1.haus\/en\/\" target=\"_blank\" rel=\"noreferrer noopener\">www.d-1.haus<\/a><br><a href=\"mailto:d-1@mailbox.org\" target=\"_blank\" rel=\"noreferrer noopener\">d-1@mailbox.org<\/a><\/p>\n\n\n\n<p>Verantwortlich f\u00fcr den Inhalt nach \u00a7 55 Abs. 2 RStV:<br>Danckelhaus GmbH<\/p>\n\n\n\n<hr class=\"wp-block-separator has-alpha-channel-opacity is-style-wide\" style=\"margin-top:var(--wp--preset--spacing--50);margin-bottom:var(--wp--preset--spacing--50)\"\/>\n\n\n\n<figure class=\"wp-block-image aligncenter size-large is-resized\"><img loading=\"lazy\" decoding=\"async\" width=\"1024\" height=\"1024\" src=\"https:\/\/d-1.haus\/wp-content\/uploads\/2025\/07\/D1-Logo_Baum-1024x1024.png\" alt=\"\" class=\"wp-image-273\" style=\"width:161px;height:auto\" srcset=\"https:\/\/d-1.haus\/wp-content\/uploads\/2025\/07\/D1-Logo_Baum-1024x1024.png 1024w, https:\/\/d-1.haus\/wp-content\/uploads\/2025\/07\/D1-Logo_Baum-300x300.png 300w, https:\/\/d-1.haus\/wp-content\/uploads\/2025\/07\/D1-Logo_Baum-150x150.png 150w, https:\/\/d-1.haus\/wp-content\/uploads\/2025\/07\/D1-Logo_Baum-768x768.png 768w, https:\/\/d-1.haus\/wp-content\/uploads\/2025\/07\/D1-Logo_Baum-1536x1536.png 1536w, https:\/\/d-1.haus\/wp-content\/uploads\/2025\/07\/D1-Logo_Baum-2048x2048.png 2048w, https:\/\/d-1.haus\/wp-content\/uploads\/2025\/07\/D1-Logo_Baum-12x12.png 12w\" sizes=\"auto, (max-width: 1024px) 100vw, 1024px\" \/><\/figure>","protected":false},"excerpt":{"rendered":"<p>Datenschutzerkl\u00e4rung Verantwortlich f\u00fcr die Datenverarbeitung auf dieser Website ist: Danckelhaus GmbHDanckelmannstr. 1, 16225 EberswaldeE-Mail:&nbsp;d1@mailbox.org 1. Allgemeines Wir nehmen den Schutz deiner pers\u00f6nlichen Daten sehr ernst. Personenbezogene Daten werden auf dieser Website nur im technisch notwendigen Umfang verarbeitet. Eine Weitergabe an Dritte erfolgt nicht. 2. Hosting Unsere Website wird bei&nbsp;Strato AG, Otto-Ostrowski-Stra\u00dfe 7, 10249 Berlin gehostet. [&hellip;]<\/p>\n","protected":false},"author":1,"featured_media":0,"parent":11,"menu_order":0,"comment_status":"closed","ping_status":"closed","template":"","meta":{"footnotes":""},"class_list":["post-297","page","type-page","status-publish","hentry"],"jetpack_sharing_enabled":true,"_links":{"self":[{"href":"https:\/\/d-1.haus\/en\/wp-json\/wp\/v2\/pages\/297","targetHints":{"allow":["GET"]}}],"collection":[{"href":"https:\/\/d-1.haus\/en\/wp-json\/wp\/v2\/pages"}],"about":[{"href":"https:\/\/d-1.haus\/en\/wp-json\/wp\/v2\/types\/page"}],"author":[{"embeddable":true,"href":"https:\/\/d-1.haus\/en\/wp-json\/wp\/v2\/users\/1"}],"replies":[{"embeddable":true,"href":"https:\/\/d-1.haus\/en\/wp-json\/wp\/v2\/comments?post=297"}],"version-history":[{"count":10,"href":"https:\/\/d-1.haus\/en\/wp-json\/wp\/v2\/pages\/297\/revisions"}],"predecessor-version":[{"id":310,"href":"https:\/\/d-1.haus\/en\/wp-json\/wp\/v2\/pages\/297\/revisions\/310"}],"up":[{"embeddable":true,"href":"https:\/\/d-1.haus\/en\/wp-json\/wp\/v2\/pages\/11"}],"wp:attachment":[{"href":"https:\/\/d-1.haus\/en\/wp-json\/wp\/v2\/media?parent=297"}],"curies":[{"name":"wp","href":"https:\/\/api.w.org\/{rel}","templated":true}]}}